{"id":267,"date":"2025-05-23T12:38:27","date_gmt":"2025-05-23T15:38:27","guid":{"rendered":"https:\/\/penaltyshootout-bet.com\/hakkimizda\/"},"modified":"2025-06-30T10:37:57","modified_gmt":"2025-06-30T13:37:57","slug":"hakkimizda","status":"publish","type":"page","link":"https:\/\/penaltyshootout-bet.com\/tr\/hakkimizda\/","title":{"rendered":"HAKKIMIZDA"},"content":{"rendered":"\n<h1 class=\"wp-block-heading\">HAKKIMIZDA<\/h1>\n\n<h3 class=\"wp-block-heading\">Biz kimiz?<\/h3>\n\n<p>Futbol tutkusunu \u00e7evrimi\u00e7i kumar\u0131n adrenalini ile birle\u015ftiren en heyecan verici casino oyunlar\u0131ndan biri olan <a href=\"https:\/\/penaltyshootout-bet.com\/tr\/\">Penalty Shoot Out&#8217;un b\u00fcy\u00fcleyici d\u00fcnyas\u0131 hakk\u0131nda g\u00fcvenilir bilgi kayna\u011f\u0131n\u0131z penaltyshootout-bet<\/a> <strong>.com&#8217;<\/strong>a ho\u015f geldiniz.<\/p>\n\n<h3 class=\"wp-block-heading\">Misyon Bildirimimiz<\/h3>\n\n<p>Biz, Penalty Shoot Out hakk\u0131nda eksiksiz, do\u011fru ve g\u00fcncel bilgiler sa\u011flamaya kendini adam\u0131\u015f casino oyun uzmanlar\u0131 ve Arjantinli futbol merakl\u0131lar\u0131ndan olu\u015fan tutkulu bir ekibiz. Amac\u0131m\u0131z, bu oyunu, stratejilerini, mekaniklerini ve sorumlu bir \u015fekilde tad\u0131n\u0131 \u00e7\u0131karmak i\u00e7in bilmeniz gereken her \u015feyi tam olarak anlaman\u0131za yard\u0131mc\u0131 olmakt\u0131r. <\/p>\n\n<h3 class=\"wp-block-heading\">Neden Rehberimizi Se\u00e7melisiniz?<\/h3>\n\n<p><strong>Kan\u0131tlanm\u0131\u015f deneyim<\/strong>: Ekibimiz, casino oyunlar\u0131n\u0131 ve sorumlu oyun stratejilerini analiz etme konusunda y\u0131llar\u0131n deneyimine sahiptir.<\/p>\n\n<p><strong>G\u00fcncellenmi\u015f \u0130\u00e7erik<\/strong>: T\u00fcm bilgileri en son haberler ve oyundaki de\u011fi\u015fikliklerle s\u00fcrekli g\u00fcncel tutuyoruz.<\/p>\n\n<p><strong>Arjantin Oda\u011f\u0131<\/strong>: Yerel \u00f6deme y\u00f6ntemleri, d\u00fczenlemeler ve k\u00fclt\u00fcrel tercihler de dahil olmak \u00fczere Arjantinli oyuncular\u0131n \u00f6zel ihtiya\u00e7lar\u0131n\u0131 anl\u0131yoruz.<\/p>\n\n<p><strong>Tam \u015eeffafl\u0131k<\/strong>: T\u00fcm bilgilerimiz do\u011frulanabilir ve ger\u00e7ek oyun verilerine ve resmi istatistiklere dayanmaktad\u0131r.<\/p>\n\n<h3 class=\"wp-block-heading\">De\u011ferlerimiz<\/h3>\n\n<ul class=\"wp-block-list\">\n<li><strong>\u015eeffafl\u0131k<\/strong>: Olas\u0131l\u0131klar, riskler ve faydalar hakk\u0131nda a\u00e7\u0131k ve d\u00fcr\u00fcst bilgiler sa\u011fl\u0131yoruz.<\/li>\n\n\n\n<li><strong>Sorumluluk<\/strong>: Her zaman sorumlu kumar oynamay\u0131 ve risk e\u011fitimini te\u015fvik ediyoruz. Bu nedenle, \u00f6nce <a href=\"https:\/\/penaltyshootout-bet.com\/tr\/demo\/\">Penalty Shoot Out demosunu<\/a> oynamay\u0131 denemenizi \u00f6neririz. <\/li>\n\n\n\n<li><strong>Kalite<\/strong>: En y\u00fcksek kalitede i\u00e7erik sa\u011flamay\u0131 taahh\u00fct ediyoruz.<\/li>\n\n\n\n<li><strong>Topluluk<\/strong>: Sorumlu oyunculardan olu\u015fan bilin\u00e7li bir topluluk olu\u015fturmak<\/li>\n<\/ul>\n\n<h3 class=\"wp-block-heading\">\u0130leti\u015fim<\/h3>\n\n<p>Bilgilendirici bir site olmam\u0131za ra\u011fmen, g\u00f6r\u00fc\u015f ve \u00f6nerilerinize de\u011fer veriyoruz. \u0130\u00e7eri\u011fimiz hakk\u0131nda herhangi bir sorunuz veya iyile\u015ftirme \u00f6neriniz varsa, l\u00fctfen bizimle ileti\u015fime ge\u00e7mekten \u00e7ekinmeyin. <\/p>\n\n<p><em>L\u00fctfen dikkat: Bu site sadece bilgilendirme ama\u00e7l\u0131d\u0131r. Ger\u00e7ek kumar oyunlar\u0131 veya finansal i\u015flemler sunmuyoruz. <\/em><\/p>\n","protected":false},"excerpt":{"rendered":"<p>HAKKIMIZDA Biz kimiz? Futbol tutkusunu \u00e7evrimi\u00e7i kumar\u0131n adrenalini ile birle\u015ftiren en heyecan verici casino oyunlar\u0131ndan biri olan Penalty Shoot Out&#8217;un b\u00fcy\u00fcleyici d\u00fcnyas\u0131 hakk\u0131nda g\u00fcvenilir bilgi kayna\u011f\u0131n\u0131z penaltyshootout-bet .com&#8217;a ho\u015f geldiniz. Misyon Bildirimimiz Biz, Penalty Shoot Out hakk\u0131nda eksiksiz, do\u011fru ve g\u00fcncel bilgiler sa\u011flamaya kendini adam\u0131\u015f casino oyun uzmanlar\u0131 ve Arjantinli futbol merakl\u0131lar\u0131ndan olu\u015fan tutkulu bir [&hellip;]<\/p>\n","protected":false},"author":1,"featured_media":0,"parent":0,"menu_order":0,"comment_status":"closed","ping_status":"closed","template":"","meta":{"footnotes":""},"class_list":["post-267","page","type-page","status-publish","hentry"],"yoast_head":"<!-- This site is optimized with the Yoast SEO plugin v25.1 - https:\/\/yoast.com\/wordpress\/plugins\/seo\/ -->\n<title>HAKKIMIZDA - Penalty shoot out T\u00fcrkiye<\/title>\n<meta name=\"robots\" content=\"index, follow, max-snippet:-1, max-image-preview:large, max-video-preview:-1\" \/>\n<link rel=\"canonical\" href=\"https:\/\/penaltyshootout-bet.com\/tr\/hakkimizda\/\" \/>\n<meta property=\"og:locale\" content=\"tr_TR\" \/>\n<meta property=\"og:type\" content=\"article\" \/>\n<meta property=\"og:title\" content=\"HAKKIMIZDA - Penalty shoot out T\u00fcrkiye\" \/>\n<meta property=\"og:description\" content=\"HAKKIMIZDA Biz kimiz? Futbol tutkusunu \u00e7evrimi\u00e7i kumar\u0131n adrenalini ile birle\u015ftiren en heyecan verici casino oyunlar\u0131ndan biri olan Penalty Shoot Out&#8217;un b\u00fcy\u00fcleyici d\u00fcnyas\u0131 hakk\u0131nda g\u00fcvenilir bilgi kayna\u011f\u0131n\u0131z penaltyshootout-bet .com&#8217;a ho\u015f geldiniz. Misyon Bildirimimiz Biz, Penalty Shoot Out hakk\u0131nda eksiksiz, do\u011fru ve g\u00fcncel bilgiler sa\u011flamaya kendini adam\u0131\u015f casino oyun uzmanlar\u0131 ve Arjantinli futbol merakl\u0131lar\u0131ndan olu\u015fan tutkulu bir [&hellip;]\" \/>\n<meta property=\"og:url\" content=\"https:\/\/penaltyshootout-bet.com\/tr\/hakkimizda\/\" \/>\n<meta property=\"og:site_name\" content=\"Penalty shoot out Argentina\" \/>\n<meta property=\"article:modified_time\" content=\"2025-06-30T13:37:57+00:00\" \/>\n<meta name=\"twitter:card\" content=\"summary_large_image\" \/>\n<meta name=\"twitter:label1\" content=\"Tahmini okuma s\u00fcresi\" \/>\n\t<meta name=\"twitter:data1\" content=\"2 dakika\" \/>\n<script type=\"application\/ld+json\" class=\"yoast-schema-graph\">{\"@context\":\"https:\/\/schema.org\",\"@graph\":[{\"@type\":\"WebPage\",\"@id\":\"https:\/\/penaltyshootout-bet.com\/tr\/hakkimizda\/\",\"url\":\"https:\/\/penaltyshootout-bet.com\/tr\/hakkimizda\/\",\"name\":\"HAKKIMIZDA - Penalty shoot out T\u00fcrkiye\",\"isPartOf\":{\"@id\":\"https:\/\/penaltyshootout-bet.com\/tr\/#website\"},\"datePublished\":\"2025-05-23T15:38:27+00:00\",\"dateModified\":\"2025-06-30T13:37:57+00:00\",\"breadcrumb\":{\"@id\":\"https:\/\/penaltyshootout-bet.com\/tr\/hakkimizda\/#breadcrumb\"},\"inLanguage\":\"tr\",\"potentialAction\":[{\"@type\":\"ReadAction\",\"target\":[\"https:\/\/penaltyshootout-bet.com\/tr\/hakkimizda\/\"]}]},{\"@type\":\"BreadcrumbList\",\"@id\":\"https:\/\/penaltyshootout-bet.com\/tr\/hakkimizda\/#breadcrumb\",\"itemListElement\":[{\"@type\":\"ListItem\",\"position\":1,\"name\":\"Inicio\",\"item\":\"https:\/\/penaltyshootout-bet.com\/tr\/\"},{\"@type\":\"ListItem\",\"position\":2,\"name\":\"HAKKIMIZDA\"}]},{\"@type\":\"WebSite\",\"@id\":\"https:\/\/penaltyshootout-bet.com\/tr\/#website\",\"url\":\"https:\/\/penaltyshootout-bet.com\/tr\/\",\"name\":\"Penalty shoot out Argentina\",\"description\":\"\",\"publisher\":{\"@id\":\"https:\/\/penaltyshootout-bet.com\/tr\/#organization\"},\"potentialAction\":[{\"@type\":\"SearchAction\",\"target\":{\"@type\":\"EntryPoint\",\"urlTemplate\":\"https:\/\/penaltyshootout-bet.com\/tr\/?s={search_term_string}\"},\"query-input\":{\"@type\":\"PropertyValueSpecification\",\"valueRequired\":true,\"valueName\":\"search_term_string\"}}],\"inLanguage\":\"tr\"},{\"@type\":\"Organization\",\"@id\":\"https:\/\/penaltyshootout-bet.com\/tr\/#organization\",\"name\":\"Penalty shoot out Argentina\",\"url\":\"https:\/\/penaltyshootout-bet.com\/tr\/\",\"logo\":{\"@type\":\"ImageObject\",\"inLanguage\":\"tr\",\"@id\":\"https:\/\/penaltyshootout-bet.com\/tr\/#\/schema\/logo\/image\/\",\"url\":\"https:\/\/penaltyshootout-bet.com\/wp-content\/uploads\/2025\/05\/cropped-Logotipo-da-Jogue-Penalty-Shoot-Out-no-1Win-1-1.png\",\"contentUrl\":\"https:\/\/penaltyshootout-bet.com\/wp-content\/uploads\/2025\/05\/cropped-Logotipo-da-Jogue-Penalty-Shoot-Out-no-1Win-1-1.png\",\"width\":120,\"height\":79,\"caption\":\"Penalty shoot out Argentina\"},\"image\":{\"@id\":\"https:\/\/penaltyshootout-bet.com\/tr\/#\/schema\/logo\/image\/\"}}]}<\/script>\n<!-- \/ Yoast SEO plugin. -->","yoast_head_json":{"title":"HAKKIMIZDA - Penalty shoot out T\u00fcrkiye","robots":{"index":"index","follow":"follow","max-snippet":"max-snippet:-1","max-image-preview":"max-image-preview:large","max-video-preview":"max-video-preview:-1"},"canonical":"https:\/\/penaltyshootout-bet.com\/tr\/hakkimizda\/","og_locale":"tr_TR","og_type":"article","og_title":"HAKKIMIZDA - Penalty shoot out T\u00fcrkiye","og_description":"HAKKIMIZDA Biz kimiz? Futbol tutkusunu \u00e7evrimi\u00e7i kumar\u0131n adrenalini ile birle\u015ftiren en heyecan verici casino oyunlar\u0131ndan biri olan Penalty Shoot Out&#8217;un b\u00fcy\u00fcleyici d\u00fcnyas\u0131 hakk\u0131nda g\u00fcvenilir bilgi kayna\u011f\u0131n\u0131z penaltyshootout-bet .com&#8217;a ho\u015f geldiniz. Misyon Bildirimimiz Biz, Penalty Shoot Out hakk\u0131nda eksiksiz, do\u011fru ve g\u00fcncel bilgiler sa\u011flamaya kendini adam\u0131\u015f casino oyun uzmanlar\u0131 ve Arjantinli futbol merakl\u0131lar\u0131ndan olu\u015fan tutkulu bir [&hellip;]","og_url":"https:\/\/penaltyshootout-bet.com\/tr\/hakkimizda\/","og_site_name":"Penalty shoot out Argentina","article_modified_time":"2025-06-30T13:37:57+00:00","twitter_card":"summary_large_image","twitter_misc":{"Tahmini okuma s\u00fcresi":"2 dakika"},"schema":{"@context":"https:\/\/schema.org","@graph":[{"@type":"WebPage","@id":"https:\/\/penaltyshootout-bet.com\/tr\/hakkimizda\/","url":"https:\/\/penaltyshootout-bet.com\/tr\/hakkimizda\/","name":"HAKKIMIZDA - Penalty shoot out T\u00fcrkiye","isPartOf":{"@id":"https:\/\/penaltyshootout-bet.com\/tr\/#website"},"datePublished":"2025-05-23T15:38:27+00:00","dateModified":"2025-06-30T13:37:57+00:00","breadcrumb":{"@id":"https:\/\/penaltyshootout-bet.com\/tr\/hakkimizda\/#breadcrumb"},"inLanguage":"tr","potentialAction":[{"@type":"ReadAction","target":["https:\/\/penaltyshootout-bet.com\/tr\/hakkimizda\/"]}]},{"@type":"BreadcrumbList","@id":"https:\/\/penaltyshootout-bet.com\/tr\/hakkimizda\/#breadcrumb","itemListElement":[{"@type":"ListItem","position":1,"name":"Inicio","item":"https:\/\/penaltyshootout-bet.com\/tr\/"},{"@type":"ListItem","position":2,"name":"HAKKIMIZDA"}]},{"@type":"WebSite","@id":"https:\/\/penaltyshootout-bet.com\/tr\/#website","url":"https:\/\/penaltyshootout-bet.com\/tr\/","name":"Penalty shoot out Argentina","description":"","publisher":{"@id":"https:\/\/penaltyshootout-bet.com\/tr\/#organization"},"potentialAction":[{"@type":"SearchAction","target":{"@type":"EntryPoint","urlTemplate":"https:\/\/penaltyshootout-bet.com\/tr\/?s={search_term_string}"},"query-input":{"@type":"PropertyValueSpecification","valueRequired":true,"valueName":"search_term_string"}}],"inLanguage":"tr"},{"@type":"Organization","@id":"https:\/\/penaltyshootout-bet.com\/tr\/#organization","name":"Penalty shoot out Argentina","url":"https:\/\/penaltyshootout-bet.com\/tr\/","logo":{"@type":"ImageObject","inLanguage":"tr","@id":"https:\/\/penaltyshootout-bet.com\/tr\/#\/schema\/logo\/image\/","url":"https:\/\/penaltyshootout-bet.com\/wp-content\/uploads\/2025\/05\/cropped-Logotipo-da-Jogue-Penalty-Shoot-Out-no-1Win-1-1.png","contentUrl":"https:\/\/penaltyshootout-bet.com\/wp-content\/uploads\/2025\/05\/cropped-Logotipo-da-Jogue-Penalty-Shoot-Out-no-1Win-1-1.png","width":120,"height":79,"caption":"Penalty shoot out Argentina"},"image":{"@id":"https:\/\/penaltyshootout-bet.com\/tr\/#\/schema\/logo\/image\/"}}]}},"_links":{"self":[{"href":"https:\/\/penaltyshootout-bet.com\/tr\/wp-json\/wp\/v2\/pages\/267","targetHints":{"allow":["GET"]}}],"collection":[{"href":"https:\/\/penaltyshootout-bet.com\/tr\/wp-json\/wp\/v2\/pages"}],"about":[{"href":"https:\/\/penaltyshootout-bet.com\/tr\/wp-json\/wp\/v2\/types\/page"}],"author":[{"embeddable":true,"href":"https:\/\/penaltyshootout-bet.com\/tr\/wp-json\/wp\/v2\/users\/1"}],"replies":[{"embeddable":true,"href":"https:\/\/penaltyshootout-bet.com\/tr\/wp-json\/wp\/v2\/comments?post=267"}],"version-history":[{"count":0,"href":"https:\/\/penaltyshootout-bet.com\/tr\/wp-json\/wp\/v2\/pages\/267\/revisions"}],"wp:attachment":[{"href":"https:\/\/penaltyshootout-bet.com\/tr\/wp-json\/wp\/v2\/media?parent=267"}],"curies":[{"name":"wp","href":"https:\/\/api.w.org\/{rel}","templated":true}]}}