{"id":269,"date":"2025-05-25T16:55:07","date_gmt":"2025-05-25T19:55:07","guid":{"rendered":"https:\/\/penaltyshootout-bet.com\/site-haritasi\/"},"modified":"2025-06-30T10:38:48","modified_gmt":"2025-06-30T13:38:48","slug":"site-haritasi","status":"publish","type":"page","link":"https:\/\/penaltyshootout-bet.com\/tr\/site-haritasi\/","title":{"rendered":"Site haritas\u0131"},"content":{"rendered":"\n<h1 class=\"wp-block-heading\" style=\"font-size:2rem\">Site haritas\u0131<\/h1>\n\n<ul class=\"wp-block-list\">\n<li><a href=\"https:\/\/penaltyshootout-bet.com\/tr\/\">Ana Sayfa<\/a><\/li>\n\n\n\n<li><a href=\"https:\/\/penaltyshootout-bet.com\/tr\/demo\/\">Demo<\/a><\/li>\n\n\n\n<li><a href=\"https:\/\/penaltyshootout-bet.com\/tr\/1win\/\">1Kazan<\/a><\/li>\n\n\n\n<li><a href=\"https:\/\/penaltyshootout-bet.com\/tr\/1xbet\/\">1Xbet<\/a><\/li>\n\n\n\n<li><a href=\"https:\/\/penaltyshootout-bet.com\/tr\/sorumlu-kumar\/\">SORUMLU KUMAR<\/a><\/li>\n\n\n\n<li><a href=\"https:\/\/penaltyshootout-bet.com\/tr\/cerez-politikasi\/\">\u00c7EREZ POLI\u0307TI\u0307KASI<\/a><\/li>\n\n\n\n<li><a href=\"https:\/\/penaltyshootout-bet.com\/tr\/gizlilik-politikasi\/\">G\u0130ZL\u0130L\u0130K POL\u0130T\u0130KASI<\/a><\/li>\n\n\n\n<li><a href=\"https:\/\/penaltyshootout-bet.com\/tr\/hakkimizda\/\">HAKKIMIZDA<\/a><\/li>\n\n\n\n<li><a href=\"https:\/\/penaltyshootout-bet.com\/tr\/sartlar-ve-kosullar\/\">\u015eARTLAR VE KO\u015eULLAR<\/a><\/li>\n<\/ul>\n","protected":false},"excerpt":{"rendered":"<p>Site haritas\u0131<\/p>\n","protected":false},"author":1,"featured_media":0,"parent":0,"menu_order":0,"comment_status":"closed","ping_status":"closed","template":"","meta":{"footnotes":""},"class_list":["post-269","page","type-page","status-publish","hentry"],"yoast_head":"<!-- This site is optimized with the Yoast SEO plugin v25.1 - https:\/\/yoast.com\/wordpress\/plugins\/seo\/ -->\n<title>Site haritas\u0131 - Penalty shoot out T\u00fcrkiye<\/title>\n<meta name=\"robots\" content=\"index, follow, max-snippet:-1, max-image-preview:large, max-video-preview:-1\" \/>\n<link rel=\"canonical\" href=\"https:\/\/penaltyshootout-bet.com\/tr\/site-haritasi\/\" \/>\n<meta property=\"og:locale\" content=\"tr_TR\" \/>\n<meta property=\"og:type\" content=\"article\" \/>\n<meta property=\"og:title\" content=\"Site haritas\u0131 - Penalty shoot out T\u00fcrkiye\" \/>\n<meta property=\"og:description\" content=\"Site haritas\u0131\" \/>\n<meta property=\"og:url\" content=\"https:\/\/penaltyshootout-bet.com\/tr\/site-haritasi\/\" \/>\n<meta property=\"og:site_name\" content=\"Penalty shoot out Argentina\" \/>\n<meta property=\"article:modified_time\" content=\"2025-06-30T13:38:48+00:00\" \/>\n<meta name=\"twitter:card\" content=\"summary_large_image\" \/>\n<meta name=\"twitter:label1\" content=\"Tahmini okuma s\u00fcresi\" \/>\n\t<meta name=\"twitter:data1\" content=\"1 dakika\" \/>\n<script type=\"application\/ld+json\" class=\"yoast-schema-graph\">{\"@context\":\"https:\/\/schema.org\",\"@graph\":[{\"@type\":\"WebPage\",\"@id\":\"https:\/\/penaltyshootout-bet.com\/tr\/site-haritasi\/\",\"url\":\"https:\/\/penaltyshootout-bet.com\/tr\/site-haritasi\/\",\"name\":\"Site haritas\u0131 - Penalty shoot out T\u00fcrkiye\",\"isPartOf\":{\"@id\":\"https:\/\/penaltyshootout-bet.com\/tr\/#website\"},\"datePublished\":\"2025-05-25T19:55:07+00:00\",\"dateModified\":\"2025-06-30T13:38:48+00:00\",\"breadcrumb\":{\"@id\":\"https:\/\/penaltyshootout-bet.com\/tr\/site-haritasi\/#breadcrumb\"},\"inLanguage\":\"tr\",\"potentialAction\":[{\"@type\":\"ReadAction\",\"target\":[\"https:\/\/penaltyshootout-bet.com\/tr\/site-haritasi\/\"]}]},{\"@type\":\"BreadcrumbList\",\"@id\":\"https:\/\/penaltyshootout-bet.com\/tr\/site-haritasi\/#breadcrumb\",\"itemListElement\":[{\"@type\":\"ListItem\",\"position\":1,\"name\":\"Inicio\",\"item\":\"https:\/\/penaltyshootout-bet.com\/tr\/\"},{\"@type\":\"ListItem\",\"position\":2,\"name\":\"Site haritas\u0131\"}]},{\"@type\":\"WebSite\",\"@id\":\"https:\/\/penaltyshootout-bet.com\/tr\/#website\",\"url\":\"https:\/\/penaltyshootout-bet.com\/tr\/\",\"name\":\"Penalty shoot out Argentina\",\"description\":\"\",\"publisher\":{\"@id\":\"https:\/\/penaltyshootout-bet.com\/tr\/#organization\"},\"potentialAction\":[{\"@type\":\"SearchAction\",\"target\":{\"@type\":\"EntryPoint\",\"urlTemplate\":\"https:\/\/penaltyshootout-bet.com\/tr\/?s={search_term_string}\"},\"query-input\":{\"@type\":\"PropertyValueSpecification\",\"valueRequired\":true,\"valueName\":\"search_term_string\"}}],\"inLanguage\":\"tr\"},{\"@type\":\"Organization\",\"@id\":\"https:\/\/penaltyshootout-bet.com\/tr\/#organization\",\"name\":\"Penalty shoot out Argentina\",\"url\":\"https:\/\/penaltyshootout-bet.com\/tr\/\",\"logo\":{\"@type\":\"ImageObject\",\"inLanguage\":\"tr\",\"@id\":\"https:\/\/penaltyshootout-bet.com\/tr\/#\/schema\/logo\/image\/\",\"url\":\"https:\/\/penaltyshootout-bet.com\/wp-content\/uploads\/2025\/05\/cropped-Logotipo-da-Jogue-Penalty-Shoot-Out-no-1Win-1-1.png\",\"contentUrl\":\"https:\/\/penaltyshootout-bet.com\/wp-content\/uploads\/2025\/05\/cropped-Logotipo-da-Jogue-Penalty-Shoot-Out-no-1Win-1-1.png\",\"width\":120,\"height\":79,\"caption\":\"Penalty shoot out Argentina\"},\"image\":{\"@id\":\"https:\/\/penaltyshootout-bet.com\/tr\/#\/schema\/logo\/image\/\"}}]}<\/script>\n<!-- \/ Yoast SEO plugin. -->","yoast_head_json":{"title":"Site haritas\u0131 - Penalty shoot out T\u00fcrkiye","robots":{"index":"index","follow":"follow","max-snippet":"max-snippet:-1","max-image-preview":"max-image-preview:large","max-video-preview":"max-video-preview:-1"},"canonical":"https:\/\/penaltyshootout-bet.com\/tr\/site-haritasi\/","og_locale":"tr_TR","og_type":"article","og_title":"Site haritas\u0131 - Penalty shoot out T\u00fcrkiye","og_description":"Site haritas\u0131","og_url":"https:\/\/penaltyshootout-bet.com\/tr\/site-haritasi\/","og_site_name":"Penalty shoot out Argentina","article_modified_time":"2025-06-30T13:38:48+00:00","twitter_card":"summary_large_image","twitter_misc":{"Tahmini okuma s\u00fcresi":"1 dakika"},"schema":{"@context":"https:\/\/schema.org","@graph":[{"@type":"WebPage","@id":"https:\/\/penaltyshootout-bet.com\/tr\/site-haritasi\/","url":"https:\/\/penaltyshootout-bet.com\/tr\/site-haritasi\/","name":"Site haritas\u0131 - Penalty shoot out T\u00fcrkiye","isPartOf":{"@id":"https:\/\/penaltyshootout-bet.com\/tr\/#website"},"datePublished":"2025-05-25T19:55:07+00:00","dateModified":"2025-06-30T13:38:48+00:00","breadcrumb":{"@id":"https:\/\/penaltyshootout-bet.com\/tr\/site-haritasi\/#breadcrumb"},"inLanguage":"tr","potentialAction":[{"@type":"ReadAction","target":["https:\/\/penaltyshootout-bet.com\/tr\/site-haritasi\/"]}]},{"@type":"BreadcrumbList","@id":"https:\/\/penaltyshootout-bet.com\/tr\/site-haritasi\/#breadcrumb","itemListElement":[{"@type":"ListItem","position":1,"name":"Inicio","item":"https:\/\/penaltyshootout-bet.com\/tr\/"},{"@type":"ListItem","position":2,"name":"Site haritas\u0131"}]},{"@type":"WebSite","@id":"https:\/\/penaltyshootout-bet.com\/tr\/#website","url":"https:\/\/penaltyshootout-bet.com\/tr\/","name":"Penalty shoot out Argentina","description":"","publisher":{"@id":"https:\/\/penaltyshootout-bet.com\/tr\/#organization"},"potentialAction":[{"@type":"SearchAction","target":{"@type":"EntryPoint","urlTemplate":"https:\/\/penaltyshootout-bet.com\/tr\/?s={search_term_string}"},"query-input":{"@type":"PropertyValueSpecification","valueRequired":true,"valueName":"search_term_string"}}],"inLanguage":"tr"},{"@type":"Organization","@id":"https:\/\/penaltyshootout-bet.com\/tr\/#organization","name":"Penalty shoot out Argentina","url":"https:\/\/penaltyshootout-bet.com\/tr\/","logo":{"@type":"ImageObject","inLanguage":"tr","@id":"https:\/\/penaltyshootout-bet.com\/tr\/#\/schema\/logo\/image\/","url":"https:\/\/penaltyshootout-bet.com\/wp-content\/uploads\/2025\/05\/cropped-Logotipo-da-Jogue-Penalty-Shoot-Out-no-1Win-1-1.png","contentUrl":"https:\/\/penaltyshootout-bet.com\/wp-content\/uploads\/2025\/05\/cropped-Logotipo-da-Jogue-Penalty-Shoot-Out-no-1Win-1-1.png","width":120,"height":79,"caption":"Penalty shoot out Argentina"},"image":{"@id":"https:\/\/penaltyshootout-bet.com\/tr\/#\/schema\/logo\/image\/"}}]}},"_links":{"self":[{"href":"https:\/\/penaltyshootout-bet.com\/tr\/wp-json\/wp\/v2\/pages\/269","targetHints":{"allow":["GET"]}}],"collection":[{"href":"https:\/\/penaltyshootout-bet.com\/tr\/wp-json\/wp\/v2\/pages"}],"about":[{"href":"https:\/\/penaltyshootout-bet.com\/tr\/wp-json\/wp\/v2\/types\/page"}],"author":[{"embeddable":true,"href":"https:\/\/penaltyshootout-bet.com\/tr\/wp-json\/wp\/v2\/users\/1"}],"replies":[{"embeddable":true,"href":"https:\/\/penaltyshootout-bet.com\/tr\/wp-json\/wp\/v2\/comments?post=269"}],"version-history":[{"count":0,"href":"https:\/\/penaltyshootout-bet.com\/tr\/wp-json\/wp\/v2\/pages\/269\/revisions"}],"wp:attachment":[{"href":"https:\/\/penaltyshootout-bet.com\/tr\/wp-json\/wp\/v2\/media?parent=269"}],"curies":[{"name":"wp","href":"https:\/\/api.w.org\/{rel}","templated":true}]}}