{"id":271,"date":"2025-05-23T12:39:30","date_gmt":"2025-05-23T15:39:30","guid":{"rendered":"https:\/\/penaltyshootout-bet.com\/cerez-politikasi\/"},"modified":"2025-06-30T10:36:51","modified_gmt":"2025-06-30T13:36:51","slug":"cerez-politikasi","status":"publish","type":"page","link":"https:\/\/penaltyshootout-bet.com\/tr\/cerez-politikasi\/","title":{"rendered":"\u00c7EREZ POLI\u0307TI\u0307KASI"},"content":{"rendered":"\n<h1 class=\"wp-block-heading\">\u00c7EREZ POLI\u0307TI\u0307KASI<\/h1>\n\n<h3 class=\"wp-block-heading\">\u00c7erezler nedir?<\/h3>\n\n<p>\u00c7erezler, <a href=\"https:\/\/penaltyshootout-bet.com\/tr\/\">Penaltyshootout-bet<\/a> web sitemizi ziyaret etti\u011finizde cihaz\u0131n\u0131zda depolanan k\u00fc\u00e7\u00fck metin dosyalar\u0131d\u0131r. Bu \u00e7erezler, tarama deneyiminizi geli\u015ftirmemize ve sitemizi nas\u0131l kulland\u0131\u011f\u0131n\u0131z\u0131 daha iyi anlamam\u0131za yard\u0131mc\u0131 olur. <\/p>\n\n<h3 class=\"wp-block-heading\">Kulland\u0131\u011f\u0131m\u0131z \u00c7erez T\u00fcrleri<\/h3>\n\n<h4 class=\"wp-block-heading\">Temel \u00c7erezler<\/h4>\n\n<p>Sitenin temel i\u015fleyi\u015fi i\u00e7in gereklidirler. Bunlar \u015funlar\u0131 i\u00e7erir: <\/p>\n\n<ul class=\"wp-block-list\">\n<li>Gezintinizi s\u00fcrd\u00fcrmek i\u00e7in oturum \u00e7erezleri<\/li>\n\n\n\n<li>Bilgilerinizi korumak i\u00e7in g\u00fcvenlik \u00e7erezleri<\/li>\n\n\n\n<li>Dil tercihlerinizi hat\u0131rlamak i\u00e7in i\u015flevsellik \u00e7erezleri<\/li>\n<\/ul>\n\n<h4 class=\"wp-block-heading\">Analitik \u00c7erezler<\/h4>\n\n<p>Ziyaret\u00e7ilerin sitemizle nas\u0131l etkile\u015fimde bulundu\u011funu anlamam\u0131za yard\u0131mc\u0131 olurlar:<\/p>\n\n<ul class=\"wp-block-list\">\n<li>Google Analytics (anonim)<\/li>\n\n\n\n<li>En \u00e7ok ziyaret edilen sayfa istatistikleri<\/li>\n\n\n\n<li>Sitede ge\u00e7irilen s\u00fcre<\/li>\n\n\n\n<li>Genel demografik bilgiler<\/li>\n<\/ul>\n\n<h4 class=\"wp-block-heading\">Reklam \u00c7erezleri<\/h4>\n\n<p>\u0130lgili reklamlar\u0131 g\u00f6r\u00fcnt\u00fclemek i\u00e7in kullan\u0131l\u0131r:<\/p>\n\n<ul class=\"wp-block-list\">\n<li>Ki\u015fiselle\u015ftirilmi\u015f reklamlar i\u00e7in \u00fc\u00e7\u00fcnc\u00fc taraf \u00e7erezleri<\/li>\n\n\n\n<li>D\u00f6n\u00fc\u015f\u00fcm takibi<\/li>\n\n\n\n<li>Alakal\u0131 i\u00e7erik g\u00f6stermek i\u00e7in yeniden pazarlama<\/li>\n<\/ul>\n\n<h3 class=\"wp-block-heading\">\u00c7erez Y\u00f6netimi<\/h3>\n\n<p><strong>Tam Kontrol<\/strong>: Taray\u0131c\u0131n\u0131z\u0131 t\u00fcm \u00e7erezleri reddedecek veya bir \u00e7erez g\u00f6nderildi\u011finde sizi uyaracak \u015fekilde ayarlayabilirsiniz.<\/p>\n\n<p><strong>Devre<\/strong> d\u0131\u015f\u0131 b\u0131rakma: \u00c7erezleri istedi\u011finiz zaman taray\u0131c\u0131 ayarlar\u0131n\u0131zdan devre d\u0131\u015f\u0131 b\u0131rakabilirsiniz:<\/p>\n\n<ul class=\"wp-block-list\">\n<li><strong>Chrome<\/strong>: Ayarlar &gt; Gizlilik ve g\u00fcvenlik &gt; \u00c7erezler<\/li>\n\n\n\n<li><strong>Firefox<\/strong>: Tercihler &gt; Gizlilik ve g\u00fcvenlik<\/li>\n\n\n\n<li><strong>Safari<\/strong>: Tercihler &gt; Gizlilik<\/li>\n<\/ul>\n\n<p><strong>\u00dc\u00e7\u00fcnc\u00fc Taraf \u00c7erezleri<\/strong>: Google Analytics \u00e7erezleri i\u00e7in \u015fu adresi ziyaret ederek devre d\u0131\u015f\u0131 b\u0131rakabilirsiniz: <a href=\"https:\/\/tools.google.com\/dlpage\/gaoptout\">https:\/\/tools.google.com\/dlpage\/gaoptout<\/a><\/p>\n\n<h3 class=\"wp-block-heading\">R\u0131za<\/h3>\n\n<p>Sitemizde gezinmeye devam ederek, \u00e7erezleri bu politikada a\u00e7\u0131kland\u0131\u011f\u0131 \u015fekilde kullanmam\u0131z\u0131 kabul etmi\u015f olursunuz. Onay\u0131n\u0131z iste\u011fe ba\u011fl\u0131d\u0131r ve onay\u0131n\u0131z\u0131 istedi\u011finiz zaman geri \u00e7ekebilirsiniz. <\/p>\n\n<h3 class=\"wp-block-heading\">Politika G\u00fcncellemesi<\/h3>\n\n<p>Bu politika zaman zaman g\u00fcncellenebilir. \u00c7erezleri nas\u0131l kulland\u0131\u011f\u0131m\u0131z hakk\u0131nda bilgi sahibi olmak i\u00e7in d\u00fczenli olarak g\u00f6zden ge\u00e7irmenizi \u00f6neririz. <\/p>\n\n<p><strong>Son g\u00fcncelleme<\/strong>: May\u0131s 2025<\/p>\n\n<p><\/p>\n","protected":false},"excerpt":{"rendered":"<p>\u00c7EREZ POLI\u0307TI\u0307KASI \u00c7erezler nedir? \u00c7erezler, Penaltyshootout-bet web sitemizi ziyaret etti\u011finizde cihaz\u0131n\u0131zda depolanan k\u00fc\u00e7\u00fck metin dosyalar\u0131d\u0131r. Bu \u00e7erezler, tarama deneyiminizi geli\u015ftirmemize ve sitemizi nas\u0131l kulland\u0131\u011f\u0131n\u0131z\u0131 daha iyi anlamam\u0131za yard\u0131mc\u0131 olur. Kulland\u0131\u011f\u0131m\u0131z \u00c7erez T\u00fcrleri Temel \u00c7erezler Sitenin temel i\u015fleyi\u015fi i\u00e7in gereklidirler. Bunlar \u015funlar\u0131 i\u00e7erir: Analitik \u00c7erezler Ziyaret\u00e7ilerin sitemizle nas\u0131l etkile\u015fimde bulundu\u011funu anlamam\u0131za yard\u0131mc\u0131 olurlar: Reklam \u00c7erezleri \u0130lgili [&hellip;]<\/p>\n","protected":false},"author":1,"featured_media":0,"parent":0,"menu_order":0,"comment_status":"closed","ping_status":"closed","template":"","meta":{"footnotes":""},"class_list":["post-271","page","type-page","status-publish","hentry"],"yoast_head":"<!-- This site is optimized with the Yoast SEO plugin v25.1 - https:\/\/yoast.com\/wordpress\/plugins\/seo\/ -->\n<title>\u00c7EREZ POLI\u0307TI\u0307KASI - Penalty shoot out T\u00fcrkiye<\/title>\n<meta name=\"description\" content=\"\u00c7erezler, Penaltyshootout-bet web sitemizi ziyaret etti\u011finizde cihaz\u0131n\u0131zda depolanan k\u00fc\u00e7\u00fck metin dosyalar\u0131d\u0131r.\" \/>\n<meta name=\"robots\" content=\"index, follow, max-snippet:-1, max-image-preview:large, max-video-preview:-1\" \/>\n<link rel=\"canonical\" href=\"https:\/\/penaltyshootout-bet.com\/tr\/cerez-politikasi\/\" \/>\n<meta property=\"og:locale\" content=\"tr_TR\" \/>\n<meta property=\"og:type\" content=\"article\" \/>\n<meta property=\"og:title\" content=\"\u00c7EREZ POLI\u0307TI\u0307KASI - Penalty shoot out T\u00fcrkiye\" \/>\n<meta property=\"og:description\" content=\"\u00c7erezler, Penaltyshootout-bet web sitemizi ziyaret etti\u011finizde cihaz\u0131n\u0131zda depolanan k\u00fc\u00e7\u00fck metin dosyalar\u0131d\u0131r.\" \/>\n<meta property=\"og:url\" content=\"https:\/\/penaltyshootout-bet.com\/tr\/cerez-politikasi\/\" \/>\n<meta property=\"og:site_name\" content=\"Penalty shoot out Argentina\" \/>\n<meta property=\"article:modified_time\" content=\"2025-06-30T13:36:51+00:00\" \/>\n<meta name=\"twitter:card\" content=\"summary_large_image\" \/>\n<meta name=\"twitter:label1\" content=\"Tahmini okuma s\u00fcresi\" \/>\n\t<meta name=\"twitter:data1\" content=\"1 dakika\" \/>\n<script type=\"application\/ld+json\" class=\"yoast-schema-graph\">{\"@context\":\"https:\/\/schema.org\",\"@graph\":[{\"@type\":\"WebPage\",\"@id\":\"https:\/\/penaltyshootout-bet.com\/tr\/cerez-politikasi\/\",\"url\":\"https:\/\/penaltyshootout-bet.com\/tr\/cerez-politikasi\/\",\"name\":\"\u00c7EREZ POLI\u0307TI\u0307KASI - Penalty shoot out T\u00fcrkiye\",\"isPartOf\":{\"@id\":\"https:\/\/penaltyshootout-bet.com\/tr\/#website\"},\"datePublished\":\"2025-05-23T15:39:30+00:00\",\"dateModified\":\"2025-06-30T13:36:51+00:00\",\"description\":\"\u00c7erezler, Penaltyshootout-bet web sitemizi ziyaret etti\u011finizde cihaz\u0131n\u0131zda depolanan k\u00fc\u00e7\u00fck metin dosyalar\u0131d\u0131r.\",\"breadcrumb\":{\"@id\":\"https:\/\/penaltyshootout-bet.com\/tr\/cerez-politikasi\/#breadcrumb\"},\"inLanguage\":\"tr\",\"potentialAction\":[{\"@type\":\"ReadAction\",\"target\":[\"https:\/\/penaltyshootout-bet.com\/tr\/cerez-politikasi\/\"]}]},{\"@type\":\"BreadcrumbList\",\"@id\":\"https:\/\/penaltyshootout-bet.com\/tr\/cerez-politikasi\/#breadcrumb\",\"itemListElement\":[{\"@type\":\"ListItem\",\"position\":1,\"name\":\"Inicio\",\"item\":\"https:\/\/penaltyshootout-bet.com\/tr\/\"},{\"@type\":\"ListItem\",\"position\":2,\"name\":\"\u00c7EREZ POLI\u0307TI\u0307KASI\"}]},{\"@type\":\"WebSite\",\"@id\":\"https:\/\/penaltyshootout-bet.com\/tr\/#website\",\"url\":\"https:\/\/penaltyshootout-bet.com\/tr\/\",\"name\":\"Penalty shoot out Argentina\",\"description\":\"\",\"publisher\":{\"@id\":\"https:\/\/penaltyshootout-bet.com\/tr\/#organization\"},\"potentialAction\":[{\"@type\":\"SearchAction\",\"target\":{\"@type\":\"EntryPoint\",\"urlTemplate\":\"https:\/\/penaltyshootout-bet.com\/tr\/?s={search_term_string}\"},\"query-input\":{\"@type\":\"PropertyValueSpecification\",\"valueRequired\":true,\"valueName\":\"search_term_string\"}}],\"inLanguage\":\"tr\"},{\"@type\":\"Organization\",\"@id\":\"https:\/\/penaltyshootout-bet.com\/tr\/#organization\",\"name\":\"Penalty shoot out Argentina\",\"url\":\"https:\/\/penaltyshootout-bet.com\/tr\/\",\"logo\":{\"@type\":\"ImageObject\",\"inLanguage\":\"tr\",\"@id\":\"https:\/\/penaltyshootout-bet.com\/tr\/#\/schema\/logo\/image\/\",\"url\":\"https:\/\/penaltyshootout-bet.com\/wp-content\/uploads\/2025\/05\/cropped-Logotipo-da-Jogue-Penalty-Shoot-Out-no-1Win-1-1.png\",\"contentUrl\":\"https:\/\/penaltyshootout-bet.com\/wp-content\/uploads\/2025\/05\/cropped-Logotipo-da-Jogue-Penalty-Shoot-Out-no-1Win-1-1.png\",\"width\":120,\"height\":79,\"caption\":\"Penalty shoot out Argentina\"},\"image\":{\"@id\":\"https:\/\/penaltyshootout-bet.com\/tr\/#\/schema\/logo\/image\/\"}}]}<\/script>\n<!-- \/ Yoast SEO plugin. -->","yoast_head_json":{"title":"\u00c7EREZ POLI\u0307TI\u0307KASI - Penalty shoot out T\u00fcrkiye","description":"\u00c7erezler, Penaltyshootout-bet web sitemizi ziyaret etti\u011finizde cihaz\u0131n\u0131zda depolanan k\u00fc\u00e7\u00fck metin dosyalar\u0131d\u0131r.","robots":{"index":"index","follow":"follow","max-snippet":"max-snippet:-1","max-image-preview":"max-image-preview:large","max-video-preview":"max-video-preview:-1"},"canonical":"https:\/\/penaltyshootout-bet.com\/tr\/cerez-politikasi\/","og_locale":"tr_TR","og_type":"article","og_title":"\u00c7EREZ POLI\u0307TI\u0307KASI - Penalty shoot out T\u00fcrkiye","og_description":"\u00c7erezler, Penaltyshootout-bet web sitemizi ziyaret etti\u011finizde cihaz\u0131n\u0131zda depolanan k\u00fc\u00e7\u00fck metin dosyalar\u0131d\u0131r.","og_url":"https:\/\/penaltyshootout-bet.com\/tr\/cerez-politikasi\/","og_site_name":"Penalty shoot out Argentina","article_modified_time":"2025-06-30T13:36:51+00:00","twitter_card":"summary_large_image","twitter_misc":{"Tahmini okuma s\u00fcresi":"1 dakika"},"schema":{"@context":"https:\/\/schema.org","@graph":[{"@type":"WebPage","@id":"https:\/\/penaltyshootout-bet.com\/tr\/cerez-politikasi\/","url":"https:\/\/penaltyshootout-bet.com\/tr\/cerez-politikasi\/","name":"\u00c7EREZ POLI\u0307TI\u0307KASI - Penalty shoot out T\u00fcrkiye","isPartOf":{"@id":"https:\/\/penaltyshootout-bet.com\/tr\/#website"},"datePublished":"2025-05-23T15:39:30+00:00","dateModified":"2025-06-30T13:36:51+00:00","description":"\u00c7erezler, Penaltyshootout-bet web sitemizi ziyaret etti\u011finizde cihaz\u0131n\u0131zda depolanan k\u00fc\u00e7\u00fck metin dosyalar\u0131d\u0131r.","breadcrumb":{"@id":"https:\/\/penaltyshootout-bet.com\/tr\/cerez-politikasi\/#breadcrumb"},"inLanguage":"tr","potentialAction":[{"@type":"ReadAction","target":["https:\/\/penaltyshootout-bet.com\/tr\/cerez-politikasi\/"]}]},{"@type":"BreadcrumbList","@id":"https:\/\/penaltyshootout-bet.com\/tr\/cerez-politikasi\/#breadcrumb","itemListElement":[{"@type":"ListItem","position":1,"name":"Inicio","item":"https:\/\/penaltyshootout-bet.com\/tr\/"},{"@type":"ListItem","position":2,"name":"\u00c7EREZ POLI\u0307TI\u0307KASI"}]},{"@type":"WebSite","@id":"https:\/\/penaltyshootout-bet.com\/tr\/#website","url":"https:\/\/penaltyshootout-bet.com\/tr\/","name":"Penalty shoot out Argentina","description":"","publisher":{"@id":"https:\/\/penaltyshootout-bet.com\/tr\/#organization"},"potentialAction":[{"@type":"SearchAction","target":{"@type":"EntryPoint","urlTemplate":"https:\/\/penaltyshootout-bet.com\/tr\/?s={search_term_string}"},"query-input":{"@type":"PropertyValueSpecification","valueRequired":true,"valueName":"search_term_string"}}],"inLanguage":"tr"},{"@type":"Organization","@id":"https:\/\/penaltyshootout-bet.com\/tr\/#organization","name":"Penalty shoot out Argentina","url":"https:\/\/penaltyshootout-bet.com\/tr\/","logo":{"@type":"ImageObject","inLanguage":"tr","@id":"https:\/\/penaltyshootout-bet.com\/tr\/#\/schema\/logo\/image\/","url":"https:\/\/penaltyshootout-bet.com\/wp-content\/uploads\/2025\/05\/cropped-Logotipo-da-Jogue-Penalty-Shoot-Out-no-1Win-1-1.png","contentUrl":"https:\/\/penaltyshootout-bet.com\/wp-content\/uploads\/2025\/05\/cropped-Logotipo-da-Jogue-Penalty-Shoot-Out-no-1Win-1-1.png","width":120,"height":79,"caption":"Penalty shoot out Argentina"},"image":{"@id":"https:\/\/penaltyshootout-bet.com\/tr\/#\/schema\/logo\/image\/"}}]}},"_links":{"self":[{"href":"https:\/\/penaltyshootout-bet.com\/tr\/wp-json\/wp\/v2\/pages\/271","targetHints":{"allow":["GET"]}}],"collection":[{"href":"https:\/\/penaltyshootout-bet.com\/tr\/wp-json\/wp\/v2\/pages"}],"about":[{"href":"https:\/\/penaltyshootout-bet.com\/tr\/wp-json\/wp\/v2\/types\/page"}],"author":[{"embeddable":true,"href":"https:\/\/penaltyshootout-bet.com\/tr\/wp-json\/wp\/v2\/users\/1"}],"replies":[{"embeddable":true,"href":"https:\/\/penaltyshootout-bet.com\/tr\/wp-json\/wp\/v2\/comments?post=271"}],"version-history":[{"count":0,"href":"https:\/\/penaltyshootout-bet.com\/tr\/wp-json\/wp\/v2\/pages\/271\/revisions"}],"wp:attachment":[{"href":"https:\/\/penaltyshootout-bet.com\/tr\/wp-json\/wp\/v2\/media?parent=271"}],"curies":[{"name":"wp","href":"https:\/\/api.w.org\/{rel}","templated":true}]}}